{"id":8549,"date":"2018-11-30T09:30:56","date_gmt":"2018-11-30T09:30:56","guid":{"rendered":"http:\/\/localhost\/projects\/solar\/?page_id=8549"},"modified":"2026-01-27T22:43:32","modified_gmt":"2026-01-27T22:43:32","slug":"uber-uns","status":"publish","type":"page","link":"https:\/\/bgcreditgroupe.com\/de\/uber-uns\/","title":{"rendered":"\u00dcber uns"},"content":{"rendered":"<section class=\"wpb-content-wrapper\"><p>[vc_row thsn-bg-color=\u00a0\u00bbwhite\u00a0\u00bb][vc_column][vc_row_inner][vc_column_inner width=\u00a0\u00bb1\/3&Prime;][\/vc_column_inner][vc_column_inner width=\u00a0\u00bb1\/3&Prime; thsn-responsive-css=\u00a0\u00bb75478560|colbreak_no|||||||||colbreak_no|||||||||colbreak_no|35|||||||||colbreak_no|||||||||\u00a0\u00bb][vc_empty_space height=\u00a0\u00bb42px\u00a0\u00bb][\/vc_column_inner][vc_column_inner width=\u00a0\u00bb1\/3&Prime; thsn-responsive-css=\u00a0\u00bb98932263|colbreak_no|||||||||colbreak_no|||||||||colbreak_no|35|||||||||colbreak_no|||||||||\u00a0\u00bb][\/vc_column_inner][\/vc_row_inner][\/vc_column][\/vc_row][vc_row thsn-bg-color=\u00a0\u00bblight\u00a0\u00bb thsn-bg-image-position=\u00a0\u00bbcenter-center\u00a0\u00bb thsn-bg-image-color-order=\u00a0\u00bbimage-over-color\u00a0\u00bb full_width=\u00a0\u00bbstretch_row\u00a0\u00bb equal_height=\u00a0\u00bbyes\u00a0\u00bb css=\u00a0\u00bb.vc_custom_1570081870704{padding-top: 0px !important;padding-bottom: 0px !important;background-image: url(https:\/\/mentry-demo.pbminfotech.com\/demo1\/wp-content\/uploads\/sites\/2\/2019\/07\/pattern-1.png?id=11062) !important;background-position: 0 0 !important;background-repeat: repeat !important;}\u00a0\u00bb thsn-responsive-css=\u00a0\u00bb74837207|colbreak_no|||||||||colbreak_yes|||||||||colbreak_no||||||||||colbreak_no|||||||||\u00a0\u00bb][vc_column thsn-text-color=\u00a0\u00bbwhite\u00a0\u00bb thsn-bg-color=\u00a0\u00bbblackish\u00a0\u00bb thsn-extended-column=\u00a0\u00bbleft\u00a0\u00bb width=\u00a0\u00bb1\/2&Prime; css=\u00a0\u00bb.vc_custom_1570084251205{padding-top: 80px !important;padding-right: 70px !important;padding-bottom: 60px !important;}\u00a0\u00bb thsn-responsive-css=\u00a0\u00bb10054725|colbreak_no|||||||||colbreak_no||||||15||15|colbreak_no||||||||||colbreak_no|||||||||\u00a0\u00bb][vc_custom_heading text=\u00a0\u00bbBei BG Credit Group sind wir mehr als nur ein Finanzdienstleistungsunternehmen; wir sind Ihr vertrauensw\u00fcrdiger Partner auf dem Weg zu finanziellem Erfolg. Wir setzen uns daf\u00fcr ein, finanzielle Unabh\u00e4ngigkeit f\u00fcr alle zu erm\u00f6glichen und bieten ma\u00dfgeschneiderte Kreditl\u00f6sungen, Unterst\u00fctzung beim Aufbau Ihrer Kreditw\u00fcrdigkeit und kompetente Beratung, damit Sie Ihre Tr\u00e4ume verwirklichen und Ihre Ziele erreichen. Unsere Mission ist es, Ihre finanzielle Reise zu vereinfachen, indem wir Ihnen schnellen und bequemen Zugang zu Krediten und einer breiten Palette an Finanzdienstleistungen bieten.\u00a0\u00bb font_container=\u00a0\u00bbtag:div|font_size:18px|text_align:left|line_height:28px\u00a0\u00bb use_theme_fonts=\u00a0\u00bbyes\u00a0\u00bb][vc_progress_bar values=\u00a0\u00bb%5B%7B%22label%22%3A%22Finanzen%22%2C%22value%22%3A%2290%22%7D%2C%7B%22label%22%3A%22Gesch%C3%A4ft%22%2C%22value%22%3A%2280%22%7D%2C%7B%22label%22%3A%22Investition%22%2C%22value%22%3A%2270%22%7D%5D\u00a0\u00bb units=\u00a0\u00bb%\u00a0\u00bb css=\u00a0\u00bb.vc_custom_1769548567302{padding-top: 40px !important;}\u00a0\u00bb][\/vc_column][vc_column thsn-extended-column=\u00a0\u00bbright\u00a0\u00bb width=\u00a0\u00bb1\/2&Prime; css=\u00a0\u00bb.vc_custom_1766517565659{background-image: url(https:\/\/bgcreditgroupe.com\/de\/wp-content\/uploads\/revslider\/slider-01\/slider-01.jpg?id=13461) !important;background-position: center !important;background-repeat: no-repeat !important;background-size: cover !important;}\u00a0\u00bb thsn-responsive-css=\u00a0\u00bb62936785|colbreak_no|||||||||colbreak_no|||||600||||colbreak_no||||||||||colbreak_no|||||||||\u00a0\u00bb][\/vc_column][\/vc_row][vc_row thsn-text-color=\u00a0\u00bbwhite\u00a0\u00bb thsn-bg-color=\u00a0\u00bbgradientcolor\u00a0\u00bb full_width=\u00a0\u00bbstretch_row\u00a0\u00bb css=\u00a0\u00bb.vc_custom_1570081484947{padding-top: 60px !important;padding-bottom: 60px !important;}\u00a0\u00bb el_class=\u00a0\u00bbthsn-two-colum-view-991-to-768&Prime;][vc_column width=\u00a0\u00bb1\/4&Prime;]<div  class=\"themesion-ele themesion-ele-fid themesion-ele-fid-style-1 \"><div class=\"thsn-fld-contents d-flex align-items-center\">\r\n\t<div class=\"thsn-sbox-icon-wrapper\"><i class=\"thsn-mentry-icon thsn-mentry-icon-employee\"><\/i><\/div>\t<div class=\"thsn-fld-wrap\">\r\n\t\t<h4 class=\"thsn-fid-inner\">\r\n\t\t\t\t\t\t<span\r\n\t\t\t\tclass\t\t\t\t  = \"thsn-number-rotate\"\r\n\t\t\t\tdata-appear-animation = \"animateDigits\"\r\n\t\t\t\tdata-from             = \"0\"\r\n\t\t\t\tdata-to               = \"4503\"\r\n\t\t\t\tdata-interval         = \"5\"\r\n\t\t\t\tdata-before           = \"\"\r\n\t\t\t\tdata-before-style     = \"\"\r\n\t\t\t\tdata-after            = \"\"\r\n\t\t\t\tdata-after-style      = \"\"\r\n\t\t\t\t>\r\n\t\t\t\t\t4503\t\t\t<\/span>\r\n\t\t\t<span class=\"thsn-fid-sub\"><\/span>\r\n\t\t<\/h4>\r\n\t\t\t\t<h3 class=\"thsn-fid-title\"><span>Abgeschlossene Projekte<br><\/span><\/h3>\r\n\t\t\t<\/div>\r\n<\/div><!-- .thsn-fld-contents -->\r\n<\/div>[\/vc_column][vc_column width=\u00a0\u00bb1\/4&Prime; thsn-responsive-css=\u00a0\u00bb97161218|colbreak_no|||||||||colbreak_no|||||||||colbreak_no|40|||||||||colbreak_no|||||||||\u00a0\u00bb]<div  class=\"themesion-ele themesion-ele-fid themesion-ele-fid-style-1 \"><div class=\"thsn-fld-contents d-flex align-items-center\">\r\n\t<div class=\"thsn-sbox-icon-wrapper\"><i class=\"thsn-mentry-icon thsn-mentry-icon-agreement\"><\/i><\/div>\t<div class=\"thsn-fld-wrap\">\r\n\t\t<h4 class=\"thsn-fid-inner\">\r\n\t\t\t\t\t\t<span\r\n\t\t\t\tclass\t\t\t\t  = \"thsn-number-rotate\"\r\n\t\t\t\tdata-appear-animation = \"animateDigits\"\r\n\t\t\t\tdata-from             = \"0\"\r\n\t\t\t\tdata-to               = \"1035\"\r\n\t\t\t\tdata-interval         = \"5\"\r\n\t\t\t\tdata-before           = \"\"\r\n\t\t\t\tdata-before-style     = \"\"\r\n\t\t\t\tdata-after            = \"\"\r\n\t\t\t\tdata-after-style      = \"\"\r\n\t\t\t\t>\r\n\t\t\t\t\t1035\t\t\t<\/span>\r\n\t\t\t<span class=\"thsn-fid-sub\"><\/span>\r\n\t\t<\/h4>\r\n\t\t\t\t<h3 class=\"thsn-fid-title\"><span>Aktuell laufende Projekte<br><\/span><\/h3>\r\n\t\t\t<\/div>\r\n<\/div><!-- .thsn-fld-contents -->\r\n<\/div>[\/vc_column][vc_column width=\u00a0\u00bb1\/4&Prime; thsn-responsive-css=\u00a0\u00bb13921963|colbreak_no|||||||||colbreak_no|||||||||colbreak_no|40|||||||||colbreak_no|||||||||\u00a0\u00bb]<div  class=\"themesion-ele themesion-ele-fid themesion-ele-fid-style-1 \"><div class=\"thsn-fld-contents d-flex align-items-center\">\r\n\t<div class=\"thsn-sbox-icon-wrapper\"><i class=\"thsn-mentry-icon thsn-mentry-icon-loan-3\"><\/i><\/div>\t<div class=\"thsn-fld-wrap\">\r\n\t\t<h4 class=\"thsn-fid-inner\">\r\n\t\t\t\t\t\t<span\r\n\t\t\t\tclass\t\t\t\t  = \"thsn-number-rotate\"\r\n\t\t\t\tdata-appear-animation = \"animateDigits\"\r\n\t\t\t\tdata-from             = \"0\"\r\n\t\t\t\tdata-to               = \"3616\"\r\n\t\t\t\tdata-interval         = \"5\"\r\n\t\t\t\tdata-before           = \"\"\r\n\t\t\t\tdata-before-style     = \"\"\r\n\t\t\t\tdata-after            = \"\"\r\n\t\t\t\tdata-after-style      = \"\"\r\n\t\t\t\t>\r\n\t\t\t\t\t3616\t\t\t<\/span>\r\n\t\t\t<span class=\"thsn-fid-sub\"><\/span>\r\n\t\t<\/h4>\r\n\t\t\t\t<h3 class=\"thsn-fid-title\"><span>Gesamtprojekte<br><\/span><\/h3>\r\n\t\t\t<\/div>\r\n<\/div><!-- .thsn-fld-contents -->\r\n<\/div>[\/vc_column][vc_column width=\u00a0\u00bb1\/4&Prime; thsn-responsive-css=\u00a0\u00bb41139974|colbreak_no|||||||||colbreak_no|||||||||colbreak_no|40|||||||||colbreak_no|||||||||\u00a0\u00bb]<div  class=\"themesion-ele themesion-ele-fid themesion-ele-fid-style-1 \"><div class=\"thsn-fld-contents d-flex align-items-center\">\r\n\t<div class=\"thsn-sbox-icon-wrapper\"><i class=\"thsn-mentry-icon thsn-mentry-icon-briefcase-1\"><\/i><\/div>\t<div class=\"thsn-fld-wrap\">\r\n\t\t<h4 class=\"thsn-fid-inner\">\r\n\t\t\t\t\t\t<span\r\n\t\t\t\tclass\t\t\t\t  = \"thsn-number-rotate\"\r\n\t\t\t\tdata-appear-animation = \"animateDigits\"\r\n\t\t\t\tdata-from             = \"0\"\r\n\t\t\t\tdata-to               = \"3150\"\r\n\t\t\t\tdata-interval         = \"5\"\r\n\t\t\t\tdata-before           = \"\"\r\n\t\t\t\tdata-before-style     = \"\"\r\n\t\t\t\tdata-after            = \"\"\r\n\t\t\t\tdata-after-style      = \"\"\r\n\t\t\t\t>\r\n\t\t\t\t\t3150\t\t\t<\/span>\r\n\t\t\t<span class=\"thsn-fid-sub\"><\/span>\r\n\t\t<\/h4>\r\n\t\t\t\t<h3 class=\"thsn-fid-title\"><span>Erfolgreiche Investition<br><\/span><\/h3>\r\n\t\t\t<\/div>\r\n<\/div><!-- .thsn-fld-contents -->\r\n<\/div>[\/vc_column][\/vc_row][vc_row thsn-bg-color=\u00a0\u00bbwhite\u00a0\u00bb thsn-bg-image-color-order=\u00a0\u00bbimage-over-color\u00a0\u00bb full_width=\u00a0\u00bbstretch_row\u00a0\u00bb][vc_column][vc_custom_heading text=\u00a0\u00bbFachkompetenz macht den Unterschied\u00a0\u00bb][\/vc_column][\/vc_row][vc_row][vc_column][vc_column_text]BG Credit Groupe \u2013 Ihr zuverl\u00e4ssiger Partner f\u00fcr schnelle und individuelle Online-Kredite. Wir bieten Ihnen eine einfache und sichere Plattform f\u00fcr ma\u00dfgeschneiderte Kredite, egal ob f\u00fcr ein privates Projekt, eine gr\u00f6\u00dfere Anschaffung oder andere finanzielle Bed\u00fcrfnisse.<\/p>\n<p>Dank unseres vollst\u00e4ndig digitalen Prozesses k\u00f6nnen Sie Ihren Antrag innerhalb weniger Minuten online stellen \u2013 ganz ohne Papierkram und Anreise. Wir pr\u00fcfen Ihren Antrag umgehend und geben Ihnen eine klare und transparente Antwort ohne versteckte Geb\u00fchren. Unser Ziel ist es, Ihnen flexible und unkomplizierte Finanzierungsm\u00f6glichkeiten mit auf Ihre Situation zugeschnittenen Konditionen zu bieten.<\/p>\n<p>Bei BG Credit Groupe legen wir Wert auf ein einfaches und angenehmes Erlebnis. Entscheiden Sie sich f\u00fcr Schnelligkeit, Sicherheit und Flexibilit\u00e4t bei Ihren Kreditbed\u00fcrfnissen.[\/vc_column_text][vc_btn title=\u00a0\u00bbBeantragen Sie einen Kredit\u00a0\u00bb align=\u00a0\u00bbcenter\u00a0\u00bb link=\u00a0\u00bburl:https%3A%2F%2Fbgcreditgroupe.com%2Fde%2Fkreditantrag%2F|rel:nofollow\u00a0\u00bb][\/vc_column][\/vc_row]<\/p>\n<\/section>","protected":false},"excerpt":{"rendered":"<p>[vc_row thsn-bg-color=\u00a0\u00bbwhite\u00a0\u00bb][vc_column][vc_row_inner][vc_column_inner width=\u00a0\u00bb1\/3&Prime;][\/vc_column_inner][vc_column_inner width=\u00a0\u00bb1\/3&Prime; thsn-responsive-css=\u00a0\u00bb75478560|colbreak_no|||||||||colbreak_no|||||||||colbreak_no|35|||||||||colbreak_no|||||||||\u00a0\u00bb][vc_empty_space height=\u00a0\u00bb42px\u00a0\u00bb][\/vc_column_inner][vc_column_inner width=\u00a0\u00bb1\/3&Prime; thsn-responsive-css=\u00a0\u00bb98932263|colbreak_no|||||||||colbreak_no|||||||||colbreak_no|35|||||||||colbreak_no|||||||||\u00a0\u00bb][\/vc_column_inner][\/vc_row_inner][\/vc_column][\/vc_row][vc_row thsn-bg-color=\u00a0\u00bblight\u00a0\u00bb thsn-bg-image-position=\u00a0\u00bbcenter-center\u00a0\u00bb thsn-bg-image-color-order=\u00a0\u00bbimage-over-color\u00a0\u00bb full_width=\u00a0\u00bbstretch_row\u00a0\u00bb equal_height=\u00a0\u00bbyes\u00a0\u00bb css=\u00a0\u00bb.vc_custom_1570081870704{padding-top: 0px !important;padding-bottom: 0px !important;background-image: url(https:\/\/mentry-demo.pbminfotech.com\/demo1\/wp-content\/uploads\/sites\/2\/2019\/07\/pattern-1.png?id=11062) !important;background-position: 0 0 !important;background-repeat: repeat !important;}\u00a0\u00bb thsn-responsive-css=\u00a0\u00bb74837207|colbreak_no|||||||||colbreak_yes|||||||||colbreak_no||||||||||colbreak_no|||||||||\u00a0\u00bb][vc_column thsn-text-color=\u00a0\u00bbwhite\u00a0\u00bb thsn-bg-color=\u00a0\u00bbblackish\u00a0\u00bb thsn-extended-column=\u00a0\u00bbleft\u00a0\u00bb width=\u00a0\u00bb1\/2&Prime; css=\u00a0\u00bb.vc_custom_1570084251205{padding-top: 80px !important;padding-right: 70px !important;padding-bottom: 60px !important;}\u00a0\u00bb thsn-responsive-css=\u00a0\u00bb10054725|colbreak_no|||||||||colbreak_no||||||15||15|colbreak_no||||||||||colbreak_no|||||||||\u00a0\u00bb][vc_custom_heading text=\u00a0\u00bbBei BG Credit Group sind wir mehr als nur ein Finanzdienstleistungsunternehmen; wir sind Ihr vertrauensw\u00fcrdiger Partner auf [&hellip;]<\/p>\n","protected":false},"author":1,"featured_media":0,"parent":0,"menu_order":6,"comment_status":"closed","ping_status":"closed","template":"","meta":{"_acf_changed":false,"footnotes":""},"class_list":["post-8549","page","type-page","status-publish","hentry"],"acf":[],"_links":{"self":[{"href":"https:\/\/bgcreditgroupe.com\/de\/wp-json\/wp\/v2\/pages\/8549","targetHints":{"allow":["GET"]}}],"collection":[{"href":"https:\/\/bgcreditgroupe.com\/de\/wp-json\/wp\/v2\/pages"}],"about":[{"href":"https:\/\/bgcreditgroupe.com\/de\/wp-json\/wp\/v2\/types\/page"}],"author":[{"embeddable":true,"href":"https:\/\/bgcreditgroupe.com\/de\/wp-json\/wp\/v2\/users\/1"}],"replies":[{"embeddable":true,"href":"https:\/\/bgcreditgroupe.com\/de\/wp-json\/wp\/v2\/comments?post=8549"}],"version-history":[{"count":28,"href":"https:\/\/bgcreditgroupe.com\/de\/wp-json\/wp\/v2\/pages\/8549\/revisions"}],"predecessor-version":[{"id":13895,"href":"https:\/\/bgcreditgroupe.com\/de\/wp-json\/wp\/v2\/pages\/8549\/revisions\/13895"}],"wp:attachment":[{"href":"https:\/\/bgcreditgroupe.com\/de\/wp-json\/wp\/v2\/media?parent=8549"}],"curies":[{"name":"wp","href":"https:\/\/api.w.org\/{rel}","templated":true}]}}