{"id":13609,"date":"2025-03-12T09:16:06","date_gmt":"2025-03-12T09:16:06","guid":{"rendered":"https:\/\/faurtuna.com\/gar\/?page_id=13609"},"modified":"2026-01-27T21:38:13","modified_gmt":"2026-01-27T21:38:13","slug":"rechtlicher-hinweis","status":"publish","type":"page","link":"https:\/\/bgcreditgroupe.com\/de\/rechtlicher-hinweis\/","title":{"rendered":"Rechtlicher Hinweis"},"content":{"rendered":"<section class=\"wpb-content-wrapper\"><p>[vc_row][vc_column][vc_empty_space height=\u00a0\u00bb42px\u00a0\u00bb][vc_column_text]BG Financing GmbH<\/p>\n<p>contact@bgcreditgroupe.com<\/p>\n<p>Postanschrift:<\/p>\n<p>Ludwig-Erhard-Stra\u00dfe 13, 84034 Landshut, Deutschland<\/p>\n<p>Copyright<\/p>\n<p>\u00a9 2010\u20132025 BG Financing GmbH, alle Rechte vorbehalten.<\/p>\n<p>Fotos und Illustrationen: \u00a9 BG Financing GmbH<\/p>\n<p>Diese Website unterliegt den geltenden Urheber- und Schutzrechten. Alle Texte, Illustrationen und sonstigen Inhalte sind urheberrechtlich gesch\u00fctzt.<\/p>\n<p>Hosting<\/p>\n<p>PlanetHosting<\/p>\n<p>Haftungsausschluss<\/p>\n<p>Alle Informationen auf dieser Webseite wurden sorgf\u00e4ltig recherchiert. Dennoch \u00fcbernimmt der Herausgeber keine Haftung f\u00fcr die Richtigkeit der Angaben. Alle Angaben sind freibleibend und k\u00f6nnen Fehler enthalten.<\/p>\n<p>Trotz sorgf\u00e4ltiger inhaltlicher Pr\u00fcfung \u00fcbernehmen wir keine Haftung f\u00fcr Inhalte externer Links. F\u00fcr die Inhalte der verlinkten Seiten sind ausschlie\u00dflich deren Betreiber verantwortlich.<\/p>\n<p>Datenschutz<\/p>\n<p>Ihre personenbezogenen Daten werden nur gem\u00e4\u00df den zum Zeitpunkt der Erhebung angegebenen Zwecken erhoben und verarbeitet.<\/p>\n<p>Diese Website verwendet Cookies. Durch die Nutzung dieser Website erkl\u00e4ren Sie sich mit der Verwendung von Session- oder permanenten Cookies in Ihrem Browser einverstanden, um Ihre Benutzererfahrung zu verbessern und anonyme Nutzereinstellungen zu speichern. Sie k\u00f6nnen Cookies in Ihrem Browser blockieren und\/oder l\u00f6schen.<\/p>\n<p>Beim Zugriff auf die Website erfassen die Server automatisch bestimmte Daten, die von Ihrem Browser \u00fcbermittelt werden. Diese Informationen sind anonym und werden ausschlie\u00dflich dazu verwendet, die Besucherzahlen der verschiedenen Bereiche der Website zu messen und Verbesserungen vorzunehmen.<\/p>\n<p>Sie haben das Recht, Ihre personenbezogenen Daten einzusehen, um deren Richtigkeit zu \u00fcberpr\u00fcfen und etwaige Fehler zu korrigieren. Hierzu k\u00f6nnen Sie sich an den Website-Administrator unter den unten angegebenen Kontaktdaten wenden.<\/p>\n<p>contact@bgcreditgroupe.com[\/vc_column_text][\/vc_column][vc_column][\/vc_column][\/vc_row]<\/p>\n<\/section>","protected":false},"excerpt":{"rendered":"<p>[vc_row][vc_column][vc_empty_space height=\u00a0\u00bb42px\u00a0\u00bb][vc_column_text]BG Financing GmbH contact@bgcreditgroupe.com Postanschrift: Ludwig-Erhard-Stra\u00dfe 13, 84034 Landshut, Deutschland Copyright \u00a9 2010\u20132025 BG Financing GmbH, alle Rechte vorbehalten. Fotos und Illustrationen: \u00a9 BG Financing GmbH Diese Website unterliegt den geltenden Urheber- und Schutzrechten. Alle Texte, Illustrationen und sonstigen Inhalte sind urheberrechtlich gesch\u00fctzt. Hosting PlanetHosting Haftungsausschluss Alle Informationen auf dieser Webseite wurden sorgf\u00e4ltig recherchiert. [&hellip;]<\/p>\n","protected":false},"author":1,"featured_media":0,"parent":0,"menu_order":0,"comment_status":"closed","ping_status":"closed","template":"","meta":{"_acf_changed":false,"footnotes":""},"class_list":["post-13609","page","type-page","status-publish","hentry"],"acf":[],"_links":{"self":[{"href":"https:\/\/bgcreditgroupe.com\/de\/wp-json\/wp\/v2\/pages\/13609","targetHints":{"allow":["GET"]}}],"collection":[{"href":"https:\/\/bgcreditgroupe.com\/de\/wp-json\/wp\/v2\/pages"}],"about":[{"href":"https:\/\/bgcreditgroupe.com\/de\/wp-json\/wp\/v2\/types\/page"}],"author":[{"embeddable":true,"href":"https:\/\/bgcreditgroupe.com\/de\/wp-json\/wp\/v2\/users\/1"}],"replies":[{"embeddable":true,"href":"https:\/\/bgcreditgroupe.com\/de\/wp-json\/wp\/v2\/comments?post=13609"}],"version-history":[{"count":17,"href":"https:\/\/bgcreditgroupe.com\/de\/wp-json\/wp\/v2\/pages\/13609\/revisions"}],"predecessor-version":[{"id":13886,"href":"https:\/\/bgcreditgroupe.com\/de\/wp-json\/wp\/v2\/pages\/13609\/revisions\/13886"}],"wp:attachment":[{"href":"https:\/\/bgcreditgroupe.com\/de\/wp-json\/wp\/v2\/media?parent=13609"}],"curies":[{"name":"wp","href":"https:\/\/api.w.org\/{rel}","templated":true}]}}