{"id":13601,"date":"2025-03-12T08:50:18","date_gmt":"2025-03-12T08:50:18","guid":{"rendered":"https:\/\/faurtuna.com\/gar\/?page_id=13601"},"modified":"2026-01-27T21:35:39","modified_gmt":"2026-01-27T21:35:39","slug":"datenschutzrichtlinie","status":"publish","type":"page","link":"https:\/\/bgcreditgroupe.com\/de\/datenschutzrichtlinie\/","title":{"rendered":"Datenschutzrichtlinie"},"content":{"rendered":"<section class=\"wpb-content-wrapper\"><p>[vc_row][vc_column][vc_empty_space height=\u00a0\u00bb42px\u00a0\u00bb][vc_column_text]Zweck dieser Datenschutzerkl\u00e4rung ist es, die Nutzer unserer Website \u00fcber die von uns erhobenen personenbezogenen Daten und gegebenenfalls \u00fcber folgende Punkte zu informieren:<\/p>\n<p>a. Die von uns erhobenen personenbezogenen Daten<br \/>\nb. Wie wir die erhobenen Daten verwenden<br \/>\nc. Wer Zugriff auf die erhobenen Daten hat<br \/>\nd. Die Rechte der Nutzer<br \/>\ne. Die Cookie-Richtlinie der Website<\/p>\n<p>Diese Datenschutzerkl\u00e4rung gilt in Verbindung mit den Nutzungsbedingungen unserer Website.<\/p>\n<p>Anwendbares Recht<\/p>\n<p>Diese Richtlinie entspricht den Bestimmungen des kanadischen Gesetzes zum Schutz personenbezogener Daten und elektronischer Dokumente (PIPEDA).<\/p>\n<p>F\u00fcr Einwohner von EU-L\u00e4ndern gilt die Datenschutz-Grundverordnung (DSGVO) f\u00fcr alle Datenschutzrichtlinien, unabh\u00e4ngig vom Standort der Website. Diese Datenschutzerkl\u00e4rung ist auf die Einhaltung der DSGVO ausgerichtet. Im Falle von Widerspr\u00fcchen zwischen dieser Richtlinie und der DSGVO gilt die DSGVO.<\/p>\n<p>F\u00fcr Einwohner des US-Bundesstaates Kalifornien ist diese Datenschutzerkl\u00e4rung auf die Einhaltung des kalifornischen Verbraucherschutzgesetzes (CCPA) ausgerichtet. Im Falle von Widerspr\u00fcchen zwischen diesem Dokument und dem CCPA gilt das kalifornische Landesrecht. Sollten wir Unstimmigkeiten feststellen, werden wir unsere Richtlinie entsprechend den geltenden Gesetzen anpassen.<\/p>\n<p>Einwilligung<\/p>\n<p>Nutzer erkl\u00e4ren sich durch die Nutzung unserer Website mit Folgendem einverstanden:<\/p>\n<p>a. Den in dieser Datenschutzrichtlinie festgelegten Bedingungen und<br \/>\nb. Der Erhebung, Nutzung und Speicherung der in dieser Richtlinie aufgef\u00fchrten Daten.<\/p>\n<p>Welche personenbezogenen Daten erheben wir?<\/p>\n<p>Automatisch erhobene Daten<\/p>\n<p>Beim Besuch und der Nutzung unserer Website k\u00f6nnen wir automatisch die folgenden Informationen erheben und speichern:<\/p>\n<p>a. Links, die ein Nutzer w\u00e4hrend der Nutzung der Website anklickt.<\/p>\n<p>b. Inhalte, die der Nutzer auf unserer Website ansieht.<\/p>\n<p>Nicht automatisch erhobene Daten<\/p>\n<p>Wir k\u00f6nnen au\u00dferdem die folgenden Daten erheben, wenn Sie bestimmte Funktionen auf unserer Website nutzen:<\/p>\n<p>a. Vor- und Nachname<br \/>\nb. Alter<br \/>\nc. Geschlecht<br \/>\nd. E-Mail-Adresse<br \/>\ne. Telefonnummer<br \/>\na. Wohnanschrift<br \/>\nb. Beruf und Telefonnummer des Arbeitgebers<br \/>\nc. Einstellungsdatum und n\u00e4chster Zahltag<br \/>\nd. Informationen zu Einnahmen und Ausgaben<\/p>\n<p>Diese Daten k\u00f6nnen auf folgenden Wegen erhoben werden:<\/p>\n<p>&#8211; Formulare (z. B. das Kreditantragsformular auf der Website), die vom Nutzer ausgef\u00fcllt werden, um ein Produkt von Capital Xpert oder Produktinformationen zu erhalten.<\/p>\n<p>Bitte beachten Sie, dass wir nur Daten erheben, die uns helfen, den in dieser Datenschutzerkl\u00e4rung genannten Zweck zu erf\u00fcllen. Wir erheben keine zus\u00e4tzlichen Daten, ohne Sie vorher dar\u00fcber zu informieren.<\/p>\n<p>Wie wir personenbezogene Daten verwenden<\/p>\n<p>Personenbezogene Daten, die auf unserer Website erhoben werden, werden ausschlie\u00dflich f\u00fcr die in dieser Datenschutzerkl\u00e4rung genannten oder auf den entsprechenden Seiten unserer Website angegebenen Zwecke verwendet. Wir verwenden Ihre Daten nicht \u00fcber die offengelegten Zwecke hinaus.<\/p>\n<p>Die automatisch erhobenen Daten werden f\u00fcr folgende Zwecke verwendet:<\/p>\n<p>a. Google Analytics<br \/>\nb. Google Ads<br \/>\nc. Zielgerichtete Werbung<\/p>\n<p>Die Daten, die wir erheben, wenn ein Nutzer bestimmte Funktionen ausf\u00fchrt, k\u00f6nnen f\u00fcr folgende Zwecke verwendet werden:<\/p>\n<p>a. Ausf\u00fcllen von Formularen<br \/>\nb. Google Analytics<br \/>\nAn wen geben wir personenbezogene Daten weiter?<br \/>\nMitarbeiter<\/p>\n<p>Wir k\u00f6nnen Nutzerdaten an jedes Mitglied unserer Organisation weitergeben, das diese zur Erf\u00fcllung der in dieser Datenschutzerkl\u00e4rung beschriebenen Zwecke ben\u00f6tigt.<\/p>\n<p>Weitergabe an Dritte<\/p>\n<p>Wir k\u00f6nnen bestimmte Nutzerdaten zu folgenden Zwecken an Dritte weitergeben:<\/p>\n<p>a. Informationen \u00fcber angeklickte Links auf der Allures-Capital-Website<\/p>\n<p>Dritte haben nur Zugriff auf Nutzerdaten, soweit dies zur Erf\u00fcllung des jeweiligen Zwecks erforderlich ist.<\/p>\n<p>Weitere Weitergaben an andere Dritte erfolgen, au\u00dfer in folgenden F\u00e4llen:<\/p>\n<p>a. Wenn gesetzlich vorgeschrieben<br \/>\nb. Wenn dies f\u00fcr ein Gerichtsverfahren erforderlich ist<br \/>\nc. Zum Nachweis oder Schutz unserer Rechte<br \/>\nd. An K\u00e4ufer oder potenzielle K\u00e4ufer des Unternehmens im Falle eines Verkaufs<\/p>\n<p>Wenn Sie Hyperlinks von unserer Website zu anderen Websites folgen, beachten Sie bitte, dass wir f\u00fcr deren Datenschutzrichtlinien und -praktiken weder verantwortlich sind noch diese kontrollieren.<\/p>\n<p>Speicherdauer personenbezogener Daten<\/p>\n<p>Wir speichern Nutzerdaten nicht l\u00e4nger als zur Erf\u00fcllung des Zwecks, f\u00fcr den sie erhoben wurden, erforderlich.<\/p>\n<p>Schutz Ihrer personenbezogenen Daten<\/p>\n<p>Alle in unserem System gespeicherten Daten sind sicher gesch\u00fctzt und nur f\u00fcr unsere Mitarbeiter zug\u00e4nglich. Unsere Mitarbeiter sind durch strenge Vertraulichkeitsvereinbarungen und ein<\/p>\n<p>Ein Versto\u00df gegen diese Vereinbarung f\u00fchrt zur K\u00fcndigung des Mitarbeiters.<\/p>\n<p>Wir treffen alle angemessenen Vorkehrungen, um die Sicherheit Ihrer Daten und den Schutz Ihrer Daten zu gew\u00e4hrleisten. Dennoch besteht stets ein Restrisiko.<\/p>\n<p>Das Internet als Ganzes birgt Risiken, weshalb wir die Sicherheit Ihrer Daten nicht \u00fcber das praktisch Machbare hinaus garantieren k\u00f6nnen.<\/p>\n<p>Minderj\u00e4hrige<\/p>\n<p>F\u00fcr EU-B\u00fcrger gilt gem\u00e4\u00df DSGVO, dass Personen unter 15 Jahren im Sinne der Datenerhebung als Minderj\u00e4hrige gelten. Minderj\u00e4hrige ben\u00f6tigen die Einwilligung eines Erziehungsberechtigten zur Erhebung, Verarbeitung und Nutzung ihrer Daten.<\/p>\n<p>Ihre Rechte als Nutzer<\/p>\n<p>Als Nutzer haben Sie das Recht, auf alle Ihre von uns erhobenen personenbezogenen Daten zuzugreifen. Dar\u00fcber hinaus haben Sie das Recht, Ihre bei uns gespeicherten personenbezogenen Daten zu aktualisieren oder zu korrigieren, sofern dies gesetzlich zul\u00e4ssig ist.<\/p>\n<p>Sie k\u00f6nnen Ihre Einwilligung zur Erhebung und Nutzung Ihrer Daten jederzeit widerrufen oder \u00e4ndern, sofern dies rechtlich zul\u00e4ssig ist und Sie uns innerhalb einer angemessenen Frist benachrichtigt haben.<\/p>\n<p>Wie Sie Ihre erfassten Daten \u00e4ndern, l\u00f6schen oder deren Verwendung anfechten k\u00f6nnen<\/p>\n<p>Wenn Sie Ihre Daten l\u00f6schen oder \u00e4ndern lassen m\u00f6chten, wenden Sie sich bitte an unseren Datenschutzbeauftragten:<\/p>\n<p>contact@bgcreditgroupe.com<\/p>\n<p>Cookie-Richtlinie<\/p>\n<p>Ein Cookie ist eine kleine Datei, die von der Website auf der Festplatte eines Nutzers gespeichert wird. Sie dient dazu, Daten \u00fcber das Surfverhalten des Nutzers zu erfassen.<\/p>\n<p>Wir verwenden auf unserer Website folgende Arten von Cookies:<\/p>\n<p>a. Funktionale Cookies<\/p>\n<p>Diese Cookies speichern Ihre Einstellungen auf unserer Website f\u00fcr zuk\u00fcnftige Besuche.<\/p>\n<p>b. Analyse-Cookies<\/p>\n<p>Diese Cookies erm\u00f6glichen es uns, Design und Funktionalit\u00e4t unserer Website zu verbessern, indem sie Daten \u00fcber die von Ihnen aufgerufenen und genutzten Inhalte erfassen.<\/p>\n<p>c. Targeting-Cookies<\/p>\n<p>Diese Cookies erfassen Daten \u00fcber Ihre Nutzung der Website und Ihre Pr\u00e4ferenzen. So k\u00f6nnen wir Ihnen relevantere und zielgerichtete Informationen auf unserer Website anzeigen.<\/p>\n<p>Sie k\u00f6nnen sich benachrichtigen lassen, sobald ein Cookie \u00fcbertragen wird. Sie k\u00f6nnen Cookies in Ihrem Internetbrowser auch vollst\u00e4ndig deaktivieren. Dies kann jedoch Ihre Benutzererfahrung beeintr\u00e4chtigen.<\/p>\n<p>Cookies von Drittanbietern<\/p>\n<p>Wir verwenden auf unserer Website m\u00f6glicherweise Cookies von Drittanbietern, um unsere Tracking- und Werbeziele zu erreichen. Dazu geh\u00f6ren:<\/p>\n<p>Google<\/p>\n<p>Die Website der BG Cr\u00e9dit Groupe integriert Google-Werbefunktionen, darunter Google-Werbe-Cookies und Google-Analytics-Cookies. Diese Funktionen k\u00f6nnen Sie in Ihren Anzeigeneinstellungen oder \u00fcber den unten stehenden Link deaktivieren.<\/p>\n<p>\u00c4nderungen<\/p>\n<p>Diese Datenschutzrichtlinie kann von Zeit zu Zeit ge\u00e4ndert werden, um die Einhaltung geltender Gesetze zu gew\u00e4hrleisten und \u00c4nderungen in unserem Datenerfassungsprozess zu ber\u00fccksichtigen. Wir empfehlen unseren Nutzern, unsere Richtlinie regelm\u00e4\u00dfig zu \u00fcberpr\u00fcfen, um \u00fcber Aktualisierungen informiert zu sein. Gegebenenfalls benachrichtigen wir Nutzer per E-Mail \u00fcber \u00c4nderungen dieser Richtlinie.<\/p>\n<p>Kontakt<\/p>\n<p>Bei Fragen k\u00f6nnen Sie uns gerne unter folgender Adresse kontaktieren:<\/p>\n<p>contact@bgcreditgroupe.com<\/p>\n<p>G\u00fcltig ab: 11. Dezember 2025[\/vc_column_text][\/vc_column][vc_column][\/vc_column][\/vc_row]<\/p>\n<\/section>","protected":false},"excerpt":{"rendered":"<p>[vc_row][vc_column][vc_empty_space height=\u00a0\u00bb42px\u00a0\u00bb][vc_column_text]Zweck dieser Datenschutzerkl\u00e4rung ist es, die Nutzer unserer Website \u00fcber die von uns erhobenen personenbezogenen Daten und gegebenenfalls \u00fcber folgende Punkte zu informieren: a. Die von uns erhobenen personenbezogenen Daten b. Wie wir die erhobenen Daten verwenden c. Wer Zugriff auf die erhobenen Daten hat d. Die Rechte der Nutzer e. Die Cookie-Richtlinie der [&hellip;]<\/p>\n","protected":false},"author":1,"featured_media":0,"parent":0,"menu_order":0,"comment_status":"closed","ping_status":"closed","template":"","meta":{"_acf_changed":false,"footnotes":""},"class_list":["post-13601","page","type-page","status-publish","hentry"],"acf":[],"_links":{"self":[{"href":"https:\/\/bgcreditgroupe.com\/de\/wp-json\/wp\/v2\/pages\/13601","targetHints":{"allow":["GET"]}}],"collection":[{"href":"https:\/\/bgcreditgroupe.com\/de\/wp-json\/wp\/v2\/pages"}],"about":[{"href":"https:\/\/bgcreditgroupe.com\/de\/wp-json\/wp\/v2\/types\/page"}],"author":[{"embeddable":true,"href":"https:\/\/bgcreditgroupe.com\/de\/wp-json\/wp\/v2\/users\/1"}],"replies":[{"embeddable":true,"href":"https:\/\/bgcreditgroupe.com\/de\/wp-json\/wp\/v2\/comments?post=13601"}],"version-history":[{"count":17,"href":"https:\/\/bgcreditgroupe.com\/de\/wp-json\/wp\/v2\/pages\/13601\/revisions"}],"predecessor-version":[{"id":13884,"href":"https:\/\/bgcreditgroupe.com\/de\/wp-json\/wp\/v2\/pages\/13601\/revisions\/13884"}],"wp:attachment":[{"href":"https:\/\/bgcreditgroupe.com\/de\/wp-json\/wp\/v2\/media?parent=13601"}],"curies":[{"name":"wp","href":"https:\/\/api.w.org\/{rel}","templated":true}]}}